{"id":6370,"date":"2022-08-03T13:42:18","date_gmt":"2022-08-03T13:42:18","guid":{"rendered":"https:\/\/www.lindocat.it\/contatti\/"},"modified":"2023-10-03T08:09:06","modified_gmt":"2023-10-03T08:09:06","slug":"iletisim","status":"publish","type":"page","link":"https:\/\/www.lindocat.it\/tr\/iletisim\/","title":{"rendered":"\u0130leti\u015fim"},"content":{"rendered":"\t\t<div data-elementor-type=\"wp-page\" data-elementor-id=\"6370\" class=\"elementor elementor-6370 elementor-771\" data-elementor-post-type=\"page\">\n\t\t\t\t<div class=\"elementor-element elementor-element-ac4447b e-flex e-con-boxed e-con e-parent\" data-id=\"ac4447b\" data-element_type=\"container\">\n\t\t\t\t\t<div class=\"e-con-inner\">\n\t\t<div class=\"elementor-element elementor-element-3a0e969 e-con-full e-flex e-con e-child\" data-id=\"3a0e969\" data-element_type=\"container\">\n\t\t<div class=\"elementor-element elementor-element-c1c1b8f e-con-full e-flex e-con e-child\" data-id=\"c1c1b8f\" data-element_type=\"container\">\n\t\t\t\t<div class=\"elementor-element elementor-element-431af7d elementor-widget elementor-widget-image\" data-id=\"431af7d\" data-element_type=\"widget\" data-widget_type=\"image.default\">\n\t\t\t\t<div class=\"elementor-widget-container\">\n\t\t\t\t\t\t\t\t\t\t\t\t\t<img decoding=\"async\" width=\"30\" height=\"56\" src=\"https:\/\/www.lindocat.it\/wp-content\/uploads\/2023\/07\/baffo-testo1-1.svg\" class=\"attachment-large size-large wp-image-1379\" alt=\"\" \/>\t\t\t\t\t\t\t\t\t\t\t\t\t<\/div>\n\t\t\t\t<\/div>\n\t\t\t\t<\/div>\n\t\t<div class=\"elementor-element elementor-element-4308f3a e-con-full e-flex e-con e-child\" data-id=\"4308f3a\" data-element_type=\"container\">\n\t\t\t\t<div class=\"elementor-element elementor-element-2379b3d elementor-widget elementor-widget-heading\" data-id=\"2379b3d\" data-element_type=\"widget\" data-widget_type=\"heading.default\">\n\t\t\t\t<div class=\"elementor-widget-container\">\n\t\t\t<h2 class=\"elementor-heading-title elementor-size-default\">S\u0130Z\u0130N \u0130\u00c7\u0130N NE YAPAB\u0130L\u0130R\u0130Z?<\/h2>\t\t<\/div>\n\t\t\t\t<\/div>\n\t\t\t\t<\/div>\n\t\t<div class=\"elementor-element elementor-element-a2a5306 e-con-full e-flex e-con e-child\" data-id=\"a2a5306\" data-element_type=\"container\">\n\t\t\t\t<div class=\"elementor-element elementor-element-e4d306d elementor-widget elementor-widget-image\" data-id=\"e4d306d\" data-element_type=\"widget\" data-widget_type=\"image.default\">\n\t\t\t\t<div class=\"elementor-widget-container\">\n\t\t\t\t\t\t\t\t\t\t\t\t\t<img decoding=\"async\" width=\"30\" height=\"56\" src=\"https:\/\/www.lindocat.it\/wp-content\/uploads\/2023\/08\/baffi-des.svg\" class=\"attachment-large size-large wp-image-2923\" alt=\"\" \/>\t\t\t\t\t\t\t\t\t\t\t\t\t<\/div>\n\t\t\t\t<\/div>\n\t\t\t\t<\/div>\n\t\t\t\t<\/div>\n\t\t\t\t\t<\/div>\n\t\t\t\t<\/div>\n\t\t<div class=\"elementor-element elementor-element-87b90a4 e-flex e-con-boxed e-con e-parent\" data-id=\"87b90a4\" data-element_type=\"container\">\n\t\t\t\t\t<div class=\"e-con-inner\">\n\t\t\t\t<div class=\"elementor-element elementor-element-d357286 elementor-widget elementor-widget-text-editor\" data-id=\"d357286\" data-element_type=\"widget\" data-widget_type=\"text-editor.default\">\n\t\t\t\t<div class=\"elementor-widget-container\">\n\t\t\t\t\t\t\t<p>\u00dcr\u00fcnlerimiz hakk\u0131nda daha fazla bilgi almak ve m\u00fc\u015fteri deste\u011fi almak i\u00e7in bizimle ileti\u015fime ge\u00e7in<\/p>\n\t\t\t\t\t\t<\/div>\n\t\t\t\t<\/div>\n\t\t\t\t\t<\/div>\n\t\t\t\t<\/div>\n\t\t<div class=\"elementor-element elementor-element-3668efa e-flex e-con-boxed e-con e-parent\" data-id=\"3668efa\" data-element_type=\"container\">\n\t\t\t\t\t<div class=\"e-con-inner\">\n\t\t<div class=\"elementor-element elementor-element-e50510f e-con-full elementor-hidden-mobile e-flex e-con e-child\" data-id=\"e50510f\" data-element_type=\"container\">\n\t\t\t\t<\/div>\n\t\t<div class=\"elementor-element elementor-element-5beb931 e-con-full e-flex e-con e-child\" data-id=\"5beb931\" data-element_type=\"container\">\n\t\t\t\t<div class=\"elementor-element elementor-element-7d98cd8 elementor-widget elementor-widget-shortcode\" data-id=\"7d98cd8\" data-element_type=\"widget\" data-widget_type=\"shortcode.default\">\n\t\t\t\t<div class=\"elementor-widget-container\">\n\t\t\t\t\t<div class=\"elementor-shortcode\">\n<div class=\"wpcf7 no-js\" id=\"wpcf7-f7598-o1\" lang=\"tr-TR\" dir=\"ltr\" data-wpcf7-id=\"7598\">\n<div class=\"screen-reader-response\"><p role=\"status\" aria-live=\"polite\" aria-atomic=\"true\"><\/p> <ul><\/ul><\/div>\n<form action=\"\/tr\/wp-json\/wp\/v2\/pages\/6370#wpcf7-f7598-o1\" method=\"post\" class=\"wpcf7-form init\" aria-label=\"\u0130leti\u015fim Formu\" novalidate=\"novalidate\" data-status=\"init\">\n<fieldset class=\"hidden-fields-container\"><input type=\"hidden\" name=\"_wpcf7\" value=\"7598\" \/><input type=\"hidden\" name=\"_wpcf7_version\" value=\"6.1.5\" \/><input type=\"hidden\" name=\"_wpcf7_locale\" value=\"tr_TR\" \/><input type=\"hidden\" name=\"_wpcf7_unit_tag\" value=\"wpcf7-f7598-o1\" \/><input type=\"hidden\" name=\"_wpcf7_container_post\" value=\"0\" \/><input type=\"hidden\" name=\"_wpcf7_posted_data_hash\" value=\"\" \/><input type=\"hidden\" name=\"_wpcf7_recaptcha_response\" value=\"\" \/>\n<\/fieldset>\n                <style>\n                    .uacf7-uacf7style-7598 label {\n                        color: #003590;font-size: 16px;font-family: Futura, sans-serif;font-style: normal;font-weight: normal;padding-top: 15px;padding-bottom: 5px;padding-left: 8px;                    }\n\n                    .uacf7-uacf7style-7598 input[type=\"email\"],\n                    .uacf7-uacf7style-7598 input[type=\"number\"],\n                    .uacf7-uacf7style-7598 input[type=\"password\"],\n                    .uacf7-uacf7style-7598 input[type=\"search\"],\n                    .uacf7-uacf7style-7598 input[type=\"tel\"],\n                    .uacf7-uacf7style-7598 input[type=\"text\"],\n                    .uacf7-uacf7style-7598 input[type=\"url\"],\n                    .uacf7-uacf7style-7598 input[type=\"date\"],\n                    .uacf7-uacf7style-7598 select,\n                    .uacf7-uacf7style-7598 textarea {\n                        color: #000000;background-color: #ffffff;font-size: 22px;font-family: Futura, sans-serif;font-style: normal;font-weight: 500;border-width: 2px;border-color: #003590;border-style: solid;border-radius: 16px;padding-top: 7px;padding-right: 7px;padding-bottom: 7px;padding-left: 7px;                    }\n\n                    .uacf7-uacf7style-7598 .wpcf7-radio span,\n                    .uacf7-uacf7style-7598 .wpcf7-checkbox span {\n                        color: #000000;font-size: 22px;font-family: Futura, sans-serif;font-style: normal;font-weight: 500;                    }\n\n                    .uacf7-uacf7style-7598 textarea {\n                                            }\n\n                    .wpcf7-form-control-wrap select {\n                        width: 100%;\n                    }\n\n                    .uacf7-uacf7style-7598 input[type=\"submit\"] {\n                        color: #ffffff;background-color: #000000;font-size: 20px;font-family: Futura, sans-serif;font-style: normal;font-weight: normal;border-style: none;width: 110px;padding-top: 5px;padding-right: 5px;padding-bottom: 5px;padding-left: 5px;margin-top: 20px;margin-bottom: 20px;                    }\n\n                    .uacf7-uacf7style-7598 input[type=\"submit\"]:hover {\n                        color: #ffffff;background-color: #003590;                    }\n\n                                    <\/style>\n\n\t\t\t\t<div class=\"uacf7-uacf7style uacf7-uacf7style-7598\"><div class=\"uacf7-form-7598\"><div class=\"uacf7-row\"><div class=\"uacf7-col-6\">\n<label>Ad\u0131 ve soyad\u0131* <span class=\"wpcf7-form-control-wrap\" data-name=\"nome\"><input size=\"40\" maxlength=\"400\" class=\"wpcf7-form-control wpcf7-text wpcf7-validates-as-required\" aria-required=\"true\" aria-invalid=\"false\" value=\"\" type=\"text\" name=\"nome\" \/><\/span><\/label>\n<\/div><div class=\"uacf7-col-6\">\n<label>Telefon numaras\u0131<span class=\"wpcf7-form-control-wrap\" data-name=\"telefono\"><input size=\"40\" maxlength=\"400\" class=\"wpcf7-form-control wpcf7-tel wpcf7-text wpcf7-validates-as-tel\" aria-invalid=\"false\" value=\"\" type=\"tel\" name=\"telefono\" \/><\/span><\/label>\n<\/div><\/div>\n<div class=\"uacf7-row\"><div class=\"uacf7-col-6\">\n<label>E-posta* <span class=\"wpcf7-form-control-wrap\" data-name=\"email\"><input size=\"40\" maxlength=\"400\" class=\"wpcf7-form-control wpcf7-email wpcf7-validates-as-required wpcf7-text wpcf7-validates-as-email\" aria-required=\"true\" aria-invalid=\"false\" value=\"\" type=\"email\" name=\"email\" \/><\/span><\/label>\n<\/div><div class=\"uacf7-col-6\">\n<span class=\"wpcf7-form-control-wrap\" data-name=\"radio-695\"><span class=\"wpcf7-form-control wpcf7-radio\"><span class=\"wpcf7-list-item first\"><label><input type=\"radio\" name=\"radio-695\" value=\"Ben bir m\u00fc\u015fteriyim\" checked=\"checked\" \/><span class=\"wpcf7-list-item-label\">Ben bir m\u00fc\u015fteriyim<\/span><\/label><\/span><span class=\"wpcf7-list-item last\"><label><input type=\"radio\" name=\"radio-695\" value=\"Ben bir sat\u0131c\u0131y\u0131m\" \/><span class=\"wpcf7-list-item-label\">Ben bir sat\u0131c\u0131y\u0131m<\/span><\/label><\/span><\/span><\/span>\n<\/div><\/div>\n<div class=\"uacf7-row\"><div class=\"uacf7-col-12\">\n<label>\u0130leti<span class=\"wpcf7-form-control-wrap\" data-name=\"messaggio\"><textarea cols=\"40\" rows=\"3\" maxlength=\"2000\" class=\"wpcf7-form-control wpcf7-textarea\" aria-invalid=\"false\" name=\"messaggio\"><\/textarea><\/span>\n<\/div><\/div>\n<div class=\"uacf7-row\"><div class=\"uacf7-col-12\">\n<div class=\"accetta field\"><span class=\"wpcf7-form-control-wrap\" data-name=\"acceptance-955\"><span class=\"wpcf7-form-control wpcf7-acceptance\"><span class=\"wpcf7-list-item\"><input type=\"checkbox\" name=\"acceptance-955\" value=\"1\" aria-invalid=\"false\" \/><\/span><\/span><\/span><\/div><div class=\"accetta text\"> say\u0131l\u0131 Kanun uyar\u0131nca ki\u015fisel verilerimin i\u015flenmesine izin veriyorum. 196\/2003. Daha fazla bilgi i\u00e7in bak\u0131n\u0131z <a href=\"https:\/\/www.lindocat.it\/tr\/privacy-policy\/\" target=\"_blank\"> ki\u015fisel verilerin i\u015flenmesine ili\u015fkin bilgilendirme<\/a><\/div>\n<\/div><\/div>\n<input class=\"wpcf7-form-control wpcf7-submit has-spinner\" type=\"submit\" value=\"G\u00f6ndermek\" \/><\/div><\/div><div class=\"wpcf7-response-output\" aria-hidden=\"true\"><\/div>\n<\/form>\n<\/div>\n<\/div>\n\t\t\t\t<\/div>\n\t\t\t\t<\/div>\n\t\t\t\t<\/div>\n\t\t<div class=\"elementor-element elementor-element-6355ac8 e-con-full e-flex e-con e-child\" data-id=\"6355ac8\" data-element_type=\"container\">\n\t\t\t\t<\/div>\n\t\t\t\t\t<\/div>\n\t\t\t\t<\/div>\n\t\t<div class=\"elementor-element elementor-element-b1931ad e-flex e-con-boxed e-con e-parent\" data-id=\"b1931ad\" data-element_type=\"container\">\n\t\t\t\t\t<div class=\"e-con-inner\">\n\t\t<div class=\"elementor-element elementor-element-cb668a3 e-con-full elementor-hidden-mobile e-flex e-con e-child\" data-id=\"cb668a3\" data-element_type=\"container\">\n\t\t\t\t<\/div>\n\t\t<div class=\"elementor-element elementor-element-73e1b21 e-con-full e-flex e-con e-child\" data-id=\"73e1b21\" data-element_type=\"container\">\n\t\t<div class=\"elementor-element elementor-element-4918bd3 e-con-full e-flex e-con e-child\" data-id=\"4918bd3\" data-element_type=\"container\">\n\t\t<div class=\"elementor-element elementor-element-11ef1c8 e-con-full e-flex e-con e-child\" data-id=\"11ef1c8\" data-element_type=\"container\">\n\t\t\t\t<div class=\"elementor-element elementor-element-94e345a elementor-widget elementor-widget-heading\" data-id=\"94e345a\" data-element_type=\"widget\" data-widget_type=\"heading.default\">\n\t\t\t\t<div class=\"elementor-widget-container\">\n\t\t\t<h2 class=\"elementor-heading-title elementor-size-default\">HUKUK B\u00dcROSU \u2013 \u0130TALYA<\/h2>\t\t<\/div>\n\t\t\t\t<\/div>\n\t\t\t\t<div class=\"elementor-element elementor-element-9da0f66 elementor-widget elementor-widget-text-editor\" data-id=\"9da0f66\" data-element_type=\"widget\" data-widget_type=\"text-editor.default\">\n\t\t\t\t<div class=\"elementor-widget-container\">\n\t\t\t\t\t\t\t<p>c\/o Laviosa Chimica Mineraria Spa<br \/>Via Leonardo da Vinci, 21<br \/>57123 Livorno, \u0130talya<br \/>Telefon: +39 0586 434000<\/p>\t\t\t\t\t\t<\/div>\n\t\t\t\t<\/div>\n\t\t\t\t<\/div>\n\t\t<div class=\"elementor-element elementor-element-7d6fd5d e-con-full e-flex e-con e-child\" data-id=\"7d6fd5d\" data-element_type=\"container\">\n\t\t\t\t<div class=\"elementor-element elementor-element-627ed53 elementor-widget elementor-widget-heading\" data-id=\"627ed53\" data-element_type=\"widget\" data-widget_type=\"heading.default\">\n\t\t\t\t<div class=\"elementor-widget-container\">\n\t\t\t<h2 class=\"elementor-heading-title elementor-size-default\">FRANSA<\/h2>\t\t<\/div>\n\t\t\t\t<\/div>\n\t\t\t\t<div class=\"elementor-element elementor-element-d8b25eb elementor-widget elementor-widget-text-editor\" data-id=\"d8b25eb\" data-element_type=\"widget\" data-widget_type=\"text-editor.default\">\n\t\t\t\t<div class=\"elementor-widget-container\">\n\t\t\t\t\t\t\t<p>Laviosa Fransa Sas<br \/>15 Route de Chamarande<br \/>91580 Etrechy \u2013 Fransa<br \/>Telefon: +33 (0)1 60 80 31 87<\/p>\t\t\t\t\t\t<\/div>\n\t\t\t\t<\/div>\n\t\t\t\t<\/div>\n\t\t<div class=\"elementor-element elementor-element-5ea1c8f e-con-full e-flex e-con e-child\" data-id=\"5ea1c8f\" data-element_type=\"container\">\n\t\t\t\t<div class=\"elementor-element elementor-element-194362b elementor-widget elementor-widget-heading\" data-id=\"194362b\" data-element_type=\"widget\" data-widget_type=\"heading.default\">\n\t\t\t\t<div class=\"elementor-widget-container\">\n\t\t\t<h2 class=\"elementor-heading-title elementor-size-default\">T\u00dcRK\u0130YE<\/h2>\t\t<\/div>\n\t\t\t\t<\/div>\n\t\t\t\t<div class=\"elementor-element elementor-element-641d291 elementor-widget elementor-widget-text-editor\" data-id=\"641d291\" data-element_type=\"widget\" data-widget_type=\"text-editor.default\">\n\t\t\t\t<div class=\"elementor-widget-container\">\n\t\t\t\t\t\t\t<p>Laviosa Sanayi Ve Ticaret Ltd \u015eti<br \/>Fatsa Organize Sanayi B\u00f6lgesi<br \/>108 Sok. No.3 52400<br \/>Fatsa Ordu, T\u00fcrkiye<br \/>Telefon: +90 452 424 09 55<\/p>\t\t\t\t\t\t<\/div>\n\t\t\t\t<\/div>\n\t\t\t\t<\/div>\n\t\t\t\t<\/div>\n\t\t\t\t<\/div>\n\t\t<div class=\"elementor-element elementor-element-5bb769d e-con-full e-flex e-con e-child\" data-id=\"5bb769d\" data-element_type=\"container\">\n\t\t\t\t<\/div>\n\t\t\t\t\t<\/div>\n\t\t\t\t<\/div>\n\t\t\t\t<\/div>\n\t\t","protected":false},"excerpt":{"rendered":"<p>S\u0130Z\u0130N \u0130\u00c7\u0130N NE YAPAB\u0130L\u0130R\u0130Z? \u00dcr\u00fcnlerimiz hakk\u0131nda daha fazla bilgi almak ve m\u00fc\u015fteri deste\u011fi almak i\u00e7in bizimle ileti\u015fime ge\u00e7in HUKUK B\u00dcROSU \u2013 \u0130TALYA c\/o Laviosa Chimica Mineraria SpaVia Leonardo da Vinci, 2157123 Livorno, \u0130talyaTelefon: +39 0586 434000 FRANSA Laviosa Fransa Sas15 Route de Chamarande91580 Etrechy \u2013 FransaTelefon: +33 (0)1 60 80 31 87 T\u00dcRK\u0130YE Laviosa Sanayi [&hellip;]<\/p>\n","protected":false},"author":1,"featured_media":0,"parent":0,"menu_order":0,"comment_status":"closed","ping_status":"closed","template":"","meta":{"_acf_changed":false,"site-sidebar-layout":"no-sidebar","site-content-layout":"page-builder","ast-site-content-layout":"","site-content-style":"default","site-sidebar-style":"default","ast-global-header-display":"","ast-banner-title-visibility":"","ast-main-header-display":"","ast-hfb-above-header-display":"","ast-hfb-below-header-display":"","ast-hfb-mobile-header-display":"","site-post-title":"disabled","ast-breadcrumbs-content":"","ast-featured-img":"disabled","footer-sml-layout":"","theme-transparent-header-meta":"enabled","adv-header-id-meta":"","stick-header-meta":"","header-above-stick-meta":"","header-main-stick-meta":"","header-below-stick-meta":"","astra-migrate-meta-layouts":"default","ast-page-background-enabled":"default","ast-page-background-meta":{"desktop":{"background-color":"var(--ast-global-color-4)","background-image":"","background-repeat":"repeat","background-position":"center center","background-size":"auto","background-attachment":"scroll","background-type":"","background-media":"","overlay-type":"","overlay-color":"","overlay-opacity":"","overlay-gradient":""},"tablet":{"background-color":"","background-image":"","background-repeat":"repeat","background-position":"center center","background-size":"auto","background-attachment":"scroll","background-type":"","background-media":"","overlay-type":"","overlay-color":"","overlay-opacity":"","overlay-gradient":""},"mobile":{"background-color":"","background-image":"","background-repeat":"repeat","background-position":"center center","background-size":"auto","background-attachment":"scroll","background-type":"","background-media":"","overlay-type":"","overlay-color":"","overlay-opacity":"","overlay-gradient":""}},"ast-content-background-meta":{"desktop":{"background-color":"var(--ast-global-color-5)","background-image":"","background-repeat":"repeat","background-position":"center center","background-size":"auto","background-attachment":"scroll","background-type":"","background-media":"","overlay-type":"","overlay-color":"","overlay-opacity":"","overlay-gradient":""},"tablet":{"background-color":"var(--ast-global-color-5)","background-image":"","background-repeat":"repeat","background-position":"center center","background-size":"auto","background-attachment":"scroll","background-type":"","background-media":"","overlay-type":"","overlay-color":"","overlay-opacity":"","overlay-gradient":""},"mobile":{"background-color":"var(--ast-global-color-5)","background-image":"","background-repeat":"repeat","background-position":"center center","background-size":"auto","background-attachment":"scroll","background-type":"","background-media":"","overlay-type":"","overlay-color":"","overlay-opacity":"","overlay-gradient":""}},"footnotes":""},"class_list":["post-6370","page","type-page","status-publish","hentry"],"acf":[],"yoast_head":"<!-- This site is optimized with the Yoast SEO plugin v27.3 - https:\/\/yoast.com\/product\/yoast-seo-wordpress\/ -->\n<title>\u0130leti\u015fim - Lindocat<\/title>\n<meta name=\"robots\" content=\"index, follow, max-snippet:-1, max-image-preview:large, max-video-preview:-1\" \/>\n<link rel=\"canonical\" href=\"https:\/\/www.lindocat.it\/tr\/iletisim\/\" \/>\n<meta property=\"og:locale\" content=\"tr_TR\" \/>\n<meta property=\"og:type\" content=\"article\" \/>\n<meta property=\"og:title\" content=\"\u0130leti\u015fim - Lindocat\" \/>\n<meta property=\"og:description\" content=\"S\u0130Z\u0130N \u0130\u00c7\u0130N NE YAPAB\u0130L\u0130R\u0130Z? \u00dcr\u00fcnlerimiz hakk\u0131nda daha fazla bilgi almak ve m\u00fc\u015fteri deste\u011fi almak i\u00e7in bizimle ileti\u015fime ge\u00e7in HUKUK B\u00dcROSU \u2013 \u0130TALYA c\/o Laviosa Chimica Mineraria SpaVia Leonardo da Vinci, 2157123 Livorno, \u0130talyaTelefon: +39 0586 434000 FRANSA Laviosa Fransa Sas15 Route de Chamarande91580 Etrechy \u2013 FransaTelefon: +33 (0)1 60 80 31 87 T\u00dcRK\u0130YE Laviosa Sanayi [&hellip;]\" \/>\n<meta property=\"og:url\" content=\"https:\/\/www.lindocat.it\/tr\/iletisim\/\" \/>\n<meta property=\"og:site_name\" content=\"Lindocat\" \/>\n<meta property=\"article:publisher\" content=\"https:\/\/www.facebook.com\/Lindocat\" \/>\n<meta property=\"article:modified_time\" content=\"2023-10-03T08:09:06+00:00\" \/>\n<meta property=\"og:image\" content=\"https:\/\/www.lindocat.it\/wp-content\/uploads\/2023\/07\/baffo-testo1-1.svg\" \/>\n<meta name=\"twitter:card\" content=\"summary_large_image\" \/>\n<meta name=\"twitter:label1\" content=\"Tahmini okuma s\u00fcresi\" \/>\n\t<meta name=\"twitter:data1\" content=\"2 dakika\" \/>\n<script type=\"application\/ld+json\" class=\"yoast-schema-graph\">{\"@context\":\"https:\\\/\\\/schema.org\",\"@graph\":[{\"@type\":\"WebPage\",\"@id\":\"https:\\\/\\\/www.lindocat.it\\\/tr\\\/iletisim\\\/\",\"url\":\"https:\\\/\\\/www.lindocat.it\\\/tr\\\/iletisim\\\/\",\"name\":\"\u0130leti\u015fim - Lindocat\",\"isPartOf\":{\"@id\":\"https:\\\/\\\/www.lindocat.it\\\/tr\\\/#website\"},\"primaryImageOfPage\":{\"@id\":\"https:\\\/\\\/www.lindocat.it\\\/tr\\\/iletisim\\\/#primaryimage\"},\"image\":{\"@id\":\"https:\\\/\\\/www.lindocat.it\\\/tr\\\/iletisim\\\/#primaryimage\"},\"thumbnailUrl\":\"https:\\\/\\\/www.lindocat.it\\\/wp-content\\\/uploads\\\/2023\\\/07\\\/baffo-testo1-1.svg\",\"datePublished\":\"2022-08-03T13:42:18+00:00\",\"dateModified\":\"2023-10-03T08:09:06+00:00\",\"breadcrumb\":{\"@id\":\"https:\\\/\\\/www.lindocat.it\\\/tr\\\/iletisim\\\/#breadcrumb\"},\"inLanguage\":\"tr\",\"potentialAction\":[{\"@type\":\"ReadAction\",\"target\":[\"https:\\\/\\\/www.lindocat.it\\\/tr\\\/iletisim\\\/\"]}]},{\"@type\":\"ImageObject\",\"inLanguage\":\"tr\",\"@id\":\"https:\\\/\\\/www.lindocat.it\\\/tr\\\/iletisim\\\/#primaryimage\",\"url\":\"https:\\\/\\\/www.lindocat.it\\\/wp-content\\\/uploads\\\/2023\\\/07\\\/baffo-testo1-1.svg\",\"contentUrl\":\"https:\\\/\\\/www.lindocat.it\\\/wp-content\\\/uploads\\\/2023\\\/07\\\/baffo-testo1-1.svg\"},{\"@type\":\"BreadcrumbList\",\"@id\":\"https:\\\/\\\/www.lindocat.it\\\/tr\\\/iletisim\\\/#breadcrumb\",\"itemListElement\":[{\"@type\":\"ListItem\",\"position\":1,\"name\":\"Home\",\"item\":\"https:\\\/\\\/www.lindocat.it\\\/tr\\\/\"},{\"@type\":\"ListItem\",\"position\":2,\"name\":\"\u0130leti\u015fim\"}]},{\"@type\":\"WebSite\",\"@id\":\"https:\\\/\\\/www.lindocat.it\\\/tr\\\/#website\",\"url\":\"https:\\\/\\\/www.lindocat.it\\\/tr\\\/\",\"name\":\"Lindocat\",\"description\":\"lettiere per gatti\",\"publisher\":{\"@id\":\"https:\\\/\\\/www.lindocat.it\\\/tr\\\/#organization\"},\"potentialAction\":[{\"@type\":\"SearchAction\",\"target\":{\"@type\":\"EntryPoint\",\"urlTemplate\":\"https:\\\/\\\/www.lindocat.it\\\/tr\\\/?s={search_term_string}\"},\"query-input\":{\"@type\":\"PropertyValueSpecification\",\"valueRequired\":true,\"valueName\":\"search_term_string\"}}],\"inLanguage\":\"tr\"},{\"@type\":\"Organization\",\"@id\":\"https:\\\/\\\/www.lindocat.it\\\/tr\\\/#organization\",\"name\":\"Lindocat\",\"url\":\"https:\\\/\\\/www.lindocat.it\\\/tr\\\/\",\"logo\":{\"@type\":\"ImageObject\",\"inLanguage\":\"tr\",\"@id\":\"https:\\\/\\\/www.lindocat.it\\\/tr\\\/#\\\/schema\\\/logo\\\/image\\\/\",\"url\":\"https:\\\/\\\/www.lindocat.it\\\/wp-content\\\/uploads\\\/2023\\\/05\\\/logo_lindocat.svg\",\"contentUrl\":\"https:\\\/\\\/www.lindocat.it\\\/wp-content\\\/uploads\\\/2023\\\/05\\\/logo_lindocat.svg\",\"width\":156,\"height\":30,\"caption\":\"Lindocat\"},\"image\":{\"@id\":\"https:\\\/\\\/www.lindocat.it\\\/tr\\\/#\\\/schema\\\/logo\\\/image\\\/\"},\"sameAs\":[\"https:\\\/\\\/www.facebook.com\\\/Lindocat\",\"https:\\\/\\\/www.instagram.com\\\/lindocat_official\\\/\"]}]}<\/script>\n<!-- \/ Yoast SEO plugin. -->","yoast_head_json":{"title":"\u0130leti\u015fim - Lindocat","robots":{"index":"index","follow":"follow","max-snippet":"max-snippet:-1","max-image-preview":"max-image-preview:large","max-video-preview":"max-video-preview:-1"},"canonical":"https:\/\/www.lindocat.it\/tr\/iletisim\/","og_locale":"tr_TR","og_type":"article","og_title":"\u0130leti\u015fim - Lindocat","og_description":"S\u0130Z\u0130N \u0130\u00c7\u0130N NE YAPAB\u0130L\u0130R\u0130Z? \u00dcr\u00fcnlerimiz hakk\u0131nda daha fazla bilgi almak ve m\u00fc\u015fteri deste\u011fi almak i\u00e7in bizimle ileti\u015fime ge\u00e7in HUKUK B\u00dcROSU \u2013 \u0130TALYA c\/o Laviosa Chimica Mineraria SpaVia Leonardo da Vinci, 2157123 Livorno, \u0130talyaTelefon: +39 0586 434000 FRANSA Laviosa Fransa Sas15 Route de Chamarande91580 Etrechy \u2013 FransaTelefon: +33 (0)1 60 80 31 87 T\u00dcRK\u0130YE Laviosa Sanayi [&hellip;]","og_url":"https:\/\/www.lindocat.it\/tr\/iletisim\/","og_site_name":"Lindocat","article_publisher":"https:\/\/www.facebook.com\/Lindocat","article_modified_time":"2023-10-03T08:09:06+00:00","og_image":[{"url":"https:\/\/www.lindocat.it\/wp-content\/uploads\/2023\/07\/baffo-testo1-1.svg","type":"","width":"","height":""}],"twitter_card":"summary_large_image","twitter_misc":{"Tahmini okuma s\u00fcresi":"2 dakika"},"schema":{"@context":"https:\/\/schema.org","@graph":[{"@type":"WebPage","@id":"https:\/\/www.lindocat.it\/tr\/iletisim\/","url":"https:\/\/www.lindocat.it\/tr\/iletisim\/","name":"\u0130leti\u015fim - Lindocat","isPartOf":{"@id":"https:\/\/www.lindocat.it\/tr\/#website"},"primaryImageOfPage":{"@id":"https:\/\/www.lindocat.it\/tr\/iletisim\/#primaryimage"},"image":{"@id":"https:\/\/www.lindocat.it\/tr\/iletisim\/#primaryimage"},"thumbnailUrl":"https:\/\/www.lindocat.it\/wp-content\/uploads\/2023\/07\/baffo-testo1-1.svg","datePublished":"2022-08-03T13:42:18+00:00","dateModified":"2023-10-03T08:09:06+00:00","breadcrumb":{"@id":"https:\/\/www.lindocat.it\/tr\/iletisim\/#breadcrumb"},"inLanguage":"tr","potentialAction":[{"@type":"ReadAction","target":["https:\/\/www.lindocat.it\/tr\/iletisim\/"]}]},{"@type":"ImageObject","inLanguage":"tr","@id":"https:\/\/www.lindocat.it\/tr\/iletisim\/#primaryimage","url":"https:\/\/www.lindocat.it\/wp-content\/uploads\/2023\/07\/baffo-testo1-1.svg","contentUrl":"https:\/\/www.lindocat.it\/wp-content\/uploads\/2023\/07\/baffo-testo1-1.svg"},{"@type":"BreadcrumbList","@id":"https:\/\/www.lindocat.it\/tr\/iletisim\/#breadcrumb","itemListElement":[{"@type":"ListItem","position":1,"name":"Home","item":"https:\/\/www.lindocat.it\/tr\/"},{"@type":"ListItem","position":2,"name":"\u0130leti\u015fim"}]},{"@type":"WebSite","@id":"https:\/\/www.lindocat.it\/tr\/#website","url":"https:\/\/www.lindocat.it\/tr\/","name":"Lindocat","description":"lettiere per gatti","publisher":{"@id":"https:\/\/www.lindocat.it\/tr\/#organization"},"potentialAction":[{"@type":"SearchAction","target":{"@type":"EntryPoint","urlTemplate":"https:\/\/www.lindocat.it\/tr\/?s={search_term_string}"},"query-input":{"@type":"PropertyValueSpecification","valueRequired":true,"valueName":"search_term_string"}}],"inLanguage":"tr"},{"@type":"Organization","@id":"https:\/\/www.lindocat.it\/tr\/#organization","name":"Lindocat","url":"https:\/\/www.lindocat.it\/tr\/","logo":{"@type":"ImageObject","inLanguage":"tr","@id":"https:\/\/www.lindocat.it\/tr\/#\/schema\/logo\/image\/","url":"https:\/\/www.lindocat.it\/wp-content\/uploads\/2023\/05\/logo_lindocat.svg","contentUrl":"https:\/\/www.lindocat.it\/wp-content\/uploads\/2023\/05\/logo_lindocat.svg","width":156,"height":30,"caption":"Lindocat"},"image":{"@id":"https:\/\/www.lindocat.it\/tr\/#\/schema\/logo\/image\/"},"sameAs":["https:\/\/www.facebook.com\/Lindocat","https:\/\/www.instagram.com\/lindocat_official\/"]}]}},"_links":{"self":[{"href":"https:\/\/www.lindocat.it\/tr\/wp-json\/wp\/v2\/pages\/6370","targetHints":{"allow":["GET"]}}],"collection":[{"href":"https:\/\/www.lindocat.it\/tr\/wp-json\/wp\/v2\/pages"}],"about":[{"href":"https:\/\/www.lindocat.it\/tr\/wp-json\/wp\/v2\/types\/page"}],"author":[{"embeddable":true,"href":"https:\/\/www.lindocat.it\/tr\/wp-json\/wp\/v2\/users\/1"}],"replies":[{"embeddable":true,"href":"https:\/\/www.lindocat.it\/tr\/wp-json\/wp\/v2\/comments?post=6370"}],"version-history":[{"count":18,"href":"https:\/\/www.lindocat.it\/tr\/wp-json\/wp\/v2\/pages\/6370\/revisions"}],"predecessor-version":[{"id":8150,"href":"https:\/\/www.lindocat.it\/tr\/wp-json\/wp\/v2\/pages\/6370\/revisions\/8150"}],"wp:attachment":[{"href":"https:\/\/www.lindocat.it\/tr\/wp-json\/wp\/v2\/media?parent=6370"}],"curies":[{"name":"wp","href":"https:\/\/api.w.org\/{rel}","templated":true}]}}